{"id":2828,"date":"2026-04-22T12:36:34","date_gmt":"2026-04-22T12:36:34","guid":{"rendered":"https:\/\/dnore.com\/?page_id=2828"},"modified":"2026-04-22T12:43:13","modified_gmt":"2026-04-22T12:43:13","slug":"privacy-policy","status":"publish","type":"page","link":"https:\/\/dnore.com\/fr\/privacy-policy\/","title":{"rendered":"Politique de confidentialit\u00e9"},"content":{"rendered":"<div data-elementor-type=\"wp-page\" data-elementor-id=\"2828\" class=\"elementor elementor-2828\">\n\t\t\t\t<div class=\"elementor-element elementor-element-19adc48 e-flex e-con-boxed e-con e-parent\" data-id=\"19adc48\" data-element_type=\"container\" data-e-type=\"container\" data-settings=\"{&quot;background_background&quot;:&quot;classic&quot;}\">\n\t\t\t\t\t<div class=\"e-con-inner\">\n\t\t<div class=\"elementor-element elementor-element-aea851a e-con-full e-flex e-con e-child\" data-id=\"aea851a\" data-element_type=\"container\" data-e-type=\"container\" data-settings=\"{&quot;background_background&quot;:&quot;classic&quot;}\">\n\t\t<div class=\"elementor-element elementor-element-5d732b7 e-con-full e-flex e-con e-child\" data-id=\"5d732b7\" data-element_type=\"container\" data-e-type=\"container\" data-settings=\"{&quot;background_background&quot;:&quot;classic&quot;}\">\n\t\t<div class=\"elementor-element elementor-element-b850fbf e-con-full e-flex e-con e-child\" data-id=\"b850fbf\" data-element_type=\"container\" data-e-type=\"container\" data-settings=\"{&quot;background_background&quot;:&quot;classic&quot;}\">\n\t\t\t\t<div class=\"elementor-element elementor-element-bf819ed animated-fast elementor-invisible elementor-widget elementor-widget-heading\" data-id=\"bf819ed\" data-element_type=\"widget\" data-e-type=\"widget\" data-settings=\"{&quot;_animation&quot;:&quot;fadeInDown&quot;,&quot;_animation_delay&quot;:400}\" data-widget_type=\"heading.default\">\n\t\t\t\t<div class=\"elementor-widget-container\">\n\t\t\t\t\t<h1 class=\"elementor-heading-title elementor-size-default\">Politique de confidentialit\u00e9<\/h1>\t\t\t\t<\/div>\n\t\t\t\t<\/div>\n\t\t\t\t<div class=\"elementor-element elementor-element-ecfb783 animated-fast elementor-invisible elementor-widget elementor-widget-heading\" data-id=\"ecfb783\" data-element_type=\"widget\" data-e-type=\"widget\" data-settings=\"{&quot;_animation&quot;:&quot;fadeInUp&quot;,&quot;_animation_delay&quot;:400}\" data-widget_type=\"heading.default\">\n\t\t\t\t<div class=\"elementor-widget-container\">\n\t\t\t\t\t<h4 class=\"elementor-heading-title elementor-size-default\">Comment nous collectons, utilisons et prot\u00e9geons vos informations personnelles.<\/h4>\t\t\t\t<\/div>\n\t\t\t\t<\/div>\n\t\t\t\t<\/div>\n\t\t\t\t<\/div>\n\t\t\t\t<\/div>\n\t\t\t\t\t<\/div>\n\t\t\t\t<\/div>\n\t\t<div class=\"elementor-element elementor-element-3f48b47 e-flex e-con-boxed e-con e-parent\" data-id=\"3f48b47\" data-element_type=\"container\" data-e-type=\"container\">\n\t\t\t\t\t<div class=\"e-con-inner\">\n\t\t<div class=\"elementor-element elementor-element-0949af7 e-con-full e-flex e-con e-child\" data-id=\"0949af7\" data-element_type=\"container\" data-e-type=\"container\" data-settings=\"{&quot;background_background&quot;:&quot;classic&quot;}\">\n\t\t\t\t<div class=\"elementor-element elementor-element-4955dbe elementor-widget elementor-widget-text-editor\" data-id=\"4955dbe\" data-element_type=\"widget\" data-e-type=\"widget\" data-widget_type=\"text-editor.default\">\n\t\t\t\t<div class=\"elementor-widget-container\">\n\t\t\t\t\t\t\t\t\t<h4><u>Introduction<\/u><\/h4><p data-start=\"177\" data-end=\"339\">DNORE PTY LTD (\u00ab nous \u00bb, \u00ab notre \u00bb, \u00ab nos \u00bb) s\u2019engage \u00e0 prot\u00e9ger votre vie priv\u00e9e et \u00e0 veiller \u00e0 ce que vos donn\u00e9es personnelles soient trait\u00e9es de mani\u00e8re s\u00e9curis\u00e9e et responsable.<\/p><p data-start=\"341\" data-end=\"529\">La pr\u00e9sente Politique de confidentialit\u00e9 explique comment nous collectons, utilisons, divulguons et prot\u00e9geons vos informations lorsque vous visitez notre site web ou nous contactez au sujet de nos services d\u2019approvisionnement agricole et d\u2019exportation.<\/p><hr data-start=\"531\" data-end=\"534\" \/><h4><u>Informations que nous collectons<\/u><\/h4><p data-start=\"563\" data-end=\"622\">Nous pouvons collecter les types de donn\u00e9es personnelles suivants :<\/p><ul data-start=\"624\" data-end=\"789\"><li data-section-id=\"apwdks\" data-start=\"624\" data-end=\"637\">Nom complet<\/li><li data-section-id=\"4bqtig\" data-start=\"638\" data-end=\"654\">Nom de l\u2019entreprise<\/li><li data-section-id=\"wk4jiq\" data-start=\"655\" data-end=\"672\">Adresse e-mail<\/li><li data-section-id=\"1tzdck7\" data-start=\"673\" data-end=\"689\">Num\u00e9ro de t\u00e9l\u00e9phone<\/li><li data-section-id=\"vocc7o\" data-start=\"690\" data-end=\"722\">Pays et informations de localisation<\/li><li data-section-id=\"1tezfv4\" data-start=\"723\" data-end=\"789\">D\u00e9tails des demandes soumis via nos formulaires de contact ou de devis<\/li><\/ul><p data-start=\"791\" data-end=\"923\">Nous ne collectons que les informations n\u00e9cessaires pour r\u00e9pondre \u00e0 vos demandes et fournir nos services en tant qu\u2019exportateur australien de c\u00e9r\u00e9ales.<\/p><hr data-start=\"925\" data-end=\"928\" \/><h4><u>Utilisation de vos informations<\/u><\/h4><p data-start=\"962\" data-end=\"999\">Nous utilisons les informations collect\u00e9es afin de :<\/p><ul data-start=\"1001\" data-end=\"1228\"><li data-section-id=\"5gknxo\" data-start=\"1001\" data-end=\"1038\">R\u00e9pondre \u00e0 vos demandes et requ\u00eates<\/li><li data-section-id=\"aefjz3\" data-start=\"1039\" data-end=\"1082\">Fournir des informations sur les prix et les produits<\/li><li data-section-id=\"1vzh6f0\" data-start=\"1083\" data-end=\"1135\">G\u00e9rer et traiter les communications li\u00e9es \u00e0 l\u2019exportation<\/li><li data-section-id=\"1ora97o\" data-start=\"1136\" data-end=\"1172\">Am\u00e9liorer notre site web et nos services<\/li><li data-section-id=\"1lngxs\" data-start=\"1173\" data-end=\"1228\">Assurer le suivi des \u00e9changes et la gestion des dossiers clients<\/li><\/ul><hr data-start=\"1230\" data-end=\"1233\" \/><h4><u>Partage des informations<\/u><\/h4><p data-start=\"1262\" data-end=\"1319\">Nous ne vendons, ne louons ni n\u2019\u00e9changeons vos donn\u00e9es personnelles.<\/p><p data-start=\"1321\" data-end=\"1377\">Vos informations peuvent \u00eatre partag\u00e9es uniquement lorsque cela est n\u00e9cessaire avec :<\/p><ul data-start=\"1379\" data-end=\"1503\"><li data-section-id=\"ynait0\" data-start=\"1379\" data-end=\"1448\">Des prestataires de services de confiance intervenant dans la communication ou la logistique<\/li><li data-section-id=\"153vs0u\" data-start=\"1449\" data-end=\"1503\">Les autorit\u00e9s l\u00e9gales ou r\u00e9glementaires, lorsque la loi l\u2019exige<\/li><\/ul><hr data-start=\"1505\" data-end=\"1508\" \/><h4><u>S\u00e9curit\u00e9 des donn\u00e9es<\/u><\/h4><p data-start=\"1528\" data-end=\"1675\">Nous mettons en \u0153uvre des mesures techniques et organisationnelles appropri\u00e9es afin de prot\u00e9ger vos donn\u00e9es personnelles contre tout acc\u00e8s non autoris\u00e9, perte, utilisation abusive ou divulgation.<\/p><p data-start=\"1677\" data-end=\"1751\">Cependant, aucune m\u00e9thode de transmission sur Internet n\u2019est totalement s\u00e9curis\u00e9e.<\/p><hr data-start=\"1753\" data-end=\"1756\" \/><h4><u>Cookies<\/u><\/h4><p data-start=\"1770\" data-end=\"1853\">Notre site web peut utiliser des cookies afin d\u2019am\u00e9liorer l\u2019exp\u00e9rience utilisateur et d\u2019analyser le trafic du site.<\/p><p data-start=\"1855\" data-end=\"1919\">Vous pouvez choisir de d\u00e9sactiver les cookies via les param\u00e8tres de votre navigateur.<\/p><hr data-start=\"1921\" data-end=\"1924\" \/><h4><u>Utilisateurs internationaux<\/u><\/h4><p data-start=\"1950\" data-end=\"2093\">En tant qu\u2019entreprise d\u2019exportation bas\u00e9e en Australie, vos donn\u00e9es peuvent \u00eatre trait\u00e9es et stock\u00e9es en Australie ou dans d\u2019autres pays o\u00f9 nos partenaires op\u00e8rent.<\/p><hr data-start=\"2095\" data-end=\"2098\" \/><h4><u>Conservation des donn\u00e9es<\/u><\/h4><p data-start=\"2119\" data-end=\"2269\">Nous conservons vos donn\u00e9es personnelles uniquement pendant la dur\u00e9e n\u00e9cessaire aux finalit\u00e9s d\u00e9crites dans la pr\u00e9sente politique ou pour satisfaire \u00e0 nos obligations l\u00e9gales.<\/p><hr data-start=\"2271\" data-end=\"2274\" \/><h4><u>Vos droits<\/u><\/h4><p data-start=\"2292\" data-end=\"2346\">Selon votre lieu de r\u00e9sidence, vous pouvez disposer des droits suivants :<\/p><ul data-start=\"2348\" data-end=\"2505\"><li data-section-id=\"aspkdb\" data-start=\"2348\" data-end=\"2388\">Demander l\u2019acc\u00e8s \u00e0 vos donn\u00e9es personnelles<\/li><li data-section-id=\"2isy4n\" data-start=\"2389\" data-end=\"2430\">Demander la rectification de donn\u00e9es inexactes<\/li><li data-section-id=\"c1vn39\" data-start=\"2431\" data-end=\"2464\">Demander la suppression de vos donn\u00e9es<\/li><li data-section-id=\"jzg6f8\" data-start=\"2465\" data-end=\"2505\">Retirer votre consentement au traitement des donn\u00e9es<\/li><\/ul><p data-start=\"2507\" data-end=\"2575\">Pour exercer ces droits, veuillez nous contacter aux coordonn\u00e9es ci-dessous.<\/p><hr data-start=\"2577\" data-end=\"2580\" \/><h4><u>Contactez-nous<\/u><\/h4><p data-start=\"2597\" data-end=\"2697\">Si vous avez des questions concernant cette Politique de confidentialit\u00e9 ou la mani\u00e8re dont vos donn\u00e9es sont trait\u00e9es, vous pouvez nous contacter :<\/p><p data-start=\"2699\" data-end=\"2831\">Email: <a class=\"decorated-link cursor-pointer\" rel=\"noopener\" data-start=\"2706\" data-end=\"2720\">info@dnore.com<\/a><br data-start=\"2720\" data-end=\"2723\" \/>Service export : <a class=\"decorated-link cursor-pointer\" rel=\"noopener\" data-start=\"2740\" data-end=\"2756\">export@dnore.com<\/a><br data-start=\"2756\" data-end=\"2759\" \/>T\u00e9l\u00e9phone : +61 414 01 4675<br data-start=\"2781\" data-end=\"2784\" \/>Adresse : Perth, Australie-Occidentale, Australie<\/p>\t\t\t\t\t\t\t\t<\/div>\n\t\t\t\t<\/div>\n\t\t\t\t<div class=\"elementor-element elementor-element-87b9901 elementor-widget-divider--view-line elementor-widget elementor-widget-divider\" data-id=\"87b9901\" data-element_type=\"widget\" data-e-type=\"widget\" data-widget_type=\"divider.default\">\n\t\t\t\t<div class=\"elementor-widget-container\">\n\t\t\t\t\t\t\t<div class=\"elementor-divider\">\n\t\t\t<span class=\"elementor-divider-separator\">\n\t\t\t\t\t\t<\/span>\n\t\t<\/div>\n\t\t\t\t\t\t<\/div>\n\t\t\t\t<\/div>\n\t\t\t\t<div class=\"elementor-element elementor-element-3c5eda2 elementor-view-stacked elementor-position-inline-start elementor-mobile-position-inline-start elementor-shape-circle elementor-widget elementor-widget-icon-box\" data-id=\"3c5eda2\" data-element_type=\"widget\" data-e-type=\"widget\" data-widget_type=\"icon-box.default\">\n\t\t\t\t<div class=\"elementor-widget-container\">\n\t\t\t\t\t\t\t<div class=\"elementor-icon-box-wrapper\">\n\n\t\t\t\t\t\t<div class=\"elementor-icon-box-icon\">\n\t\t\t\t<a href=\"tel:+61%20414%2001%204675\" class=\"elementor-icon\" tabindex=\"-1\" aria-label=\"T\u00e9l\u00e9phone\">\n\t\t\t\t<i aria-hidden=\"true\" class=\"icon_phone\"><\/i>\t\t\t\t<\/a>\n\t\t\t<\/div>\n\t\t\t\n\t\t\t\t\t\t<div class=\"elementor-icon-box-content\">\n\n\t\t\t\t\t\t\t\t\t<div class=\"elementor-icon-box-title\">\n\t\t\t\t\t\t<a href=\"tel:+61%20414%2001%204675\" >\n\t\t\t\t\t\t\tT\u00e9l\u00e9phone\t\t\t\t\t\t<\/a>\n\t\t\t\t\t<\/div>\n\t\t\t\t\n\t\t\t\t\t\t\t\t\t<p class=\"elementor-icon-box-description\">\n\t\t\t\t\t\t+61 414 01 4675\t\t\t\t\t<\/p>\n\t\t\t\t\n\t\t\t<\/div>\n\t\t\t\n\t\t<\/div>\n\t\t\t\t\t\t<\/div>\n\t\t\t\t<\/div>\n\t\t\t\t<div class=\"elementor-element elementor-element-3df0650 elementor-view-stacked elementor-position-inline-start elementor-mobile-position-inline-start elementor-shape-circle elementor-widget elementor-widget-icon-box\" data-id=\"3df0650\" data-element_type=\"widget\" data-e-type=\"widget\" data-widget_type=\"icon-box.default\">\n\t\t\t\t<div class=\"elementor-widget-container\">\n\t\t\t\t\t\t\t<div class=\"elementor-icon-box-wrapper\">\n\n\t\t\t\t\t\t<div class=\"elementor-icon-box-icon\">\n\t\t\t\t<a href=\"mailto:info@dnore.com\" class=\"elementor-icon\" tabindex=\"-1\" aria-label=\"Demandes g\u00e9n\u00e9rales  \">\n\t\t\t\t<svg aria-hidden=\"true\" class=\"e-font-icon-svg e-fas-envelope\" viewbox=\"0 0 512 512\" xmlns=\"http:\/\/www.w3.org\/2000\/svg\"><path d=\"M502.3 190.8c3.9-3.1 9.7-.2 9.7 4.7V400c0 26.5-21.5 48-48 48H48c-26.5 0-48-21.5-48-48V195.6c0-5 5.7-7.8 9.7-4.7 22.4 17.4 52.1 39.5 154.1 113.6 21.1 15.4 56.7 47.8 92.2 47.6 35.7.3 72-32.8 92.3-47.6 102-74.1 131.6-96.3 154-113.7zM256 320c23.2.4 56.6-29.2 73.4-41.4 132.7-96.3 142.8-104.7 173.4-128.7 5.8-4.5 9.2-11.5 9.2-18.9v-19c0-26.5-21.5-48-48-48H48C21.5 64 0 85.5 0 112v19c0 7.4 3.4 14.3 9.2 18.9 30.6 23.9 40.7 32.4 173.4 128.7 16.8 12.2 50.2 41.8 73.4 41.4z\"><\/path><\/svg>\t\t\t\t<\/a>\n\t\t\t<\/div>\n\t\t\t\n\t\t\t\t\t\t<div class=\"elementor-icon-box-content\">\n\n\t\t\t\t\t\t\t\t\t<div class=\"elementor-icon-box-title\">\n\t\t\t\t\t\t<a href=\"mailto:info@dnore.com\" >\n\t\t\t\t\t\t\tDemandes g\u00e9n\u00e9rales  \t\t\t\t\t\t<\/a>\n\t\t\t\t\t<\/div>\n\t\t\t\t\n\t\t\t\t\t\t\t\t\t<p class=\"elementor-icon-box-description\">\n\t\t\t\t\t\tinfo@dnore.com\t\t\t\t\t<\/p>\n\t\t\t\t\n\t\t\t<\/div>\n\t\t\t\n\t\t<\/div>\n\t\t\t\t\t\t<\/div>\n\t\t\t\t<\/div>\n\t\t\t\t<div class=\"elementor-element elementor-element-c463058 elementor-view-stacked elementor-position-inline-start elementor-mobile-position-inline-start elementor-shape-circle elementor-widget elementor-widget-icon-box\" data-id=\"c463058\" data-element_type=\"widget\" data-e-type=\"widget\" data-widget_type=\"icon-box.default\">\n\t\t\t\t<div class=\"elementor-widget-container\">\n\t\t\t\t\t\t\t<div class=\"elementor-icon-box-wrapper\">\n\n\t\t\t\t\t\t<div class=\"elementor-icon-box-icon\">\n\t\t\t\t<a href=\"mailto:export@dnore.com\" class=\"elementor-icon\" tabindex=\"-1\" aria-label=\"Services d\u2019exportation  \">\n\t\t\t\t<svg xmlns=\"http:\/\/www.w3.org\/2000\/svg\" xmlns:xlink=\"http:\/\/www.w3.org\/1999\/xlink\" width=\"512\" height=\"512\" x=\"0\" y=\"0\" viewbox=\"0 0 512 512\" style=\"enable-background:new 0 0 512 512\" xml:space=\"preserve\"><g><path fill-rule=\"evenodd\" d=\"M420.38 476.92c4.12-4.66 9.62-7.12 15.82-7.12 6.21 0 11.68 2.46 15.8 7.12a39.235 39.235 0 0 0 29.32 13.19v-35.83c-14.62 0-28.58-6.28-38.3-17.23-1.8-2.07-4.04-3.08-6.82-3.08s-5.02 1-6.86 3.08c-9.68 10.95-23.63 17.23-38.25 17.23s-28.57-6.28-38.27-17.24c-1.84-2.07-4.08-3.07-6.85-3.07-2.76 0-5 1-6.84 3.08-9.7 10.95-23.65 17.23-38.27 17.23s-28.57-6.28-38.27-17.23c-1.83-2.07-4.07-3.08-6.84-3.08s-5 1-6.84 3.08c-9.7 10.95-23.65 17.23-38.27 17.23s-28.57-6.28-38.27-17.23c-1.84-2.07-4.08-3.08-6.84-3.08-2.77 0-5.01 1-6.85 3.08-9.7 10.95-23.65 17.23-38.27 17.23S91.84 448 82.14 437.05c-1.83-2.07-4.07-3.08-6.84-3.08s-5.01 1-6.84 3.08a51.162 51.162 0 0 1-38.27 17.23v35.83a39.17 39.17 0 0 0 29.29-13.19c4.12-4.66 9.6-7.12 15.82-7.12s11.7 2.46 15.82 7.12c7.43 8.38 18.1 13.19 29.29 13.19s21.87-4.81 29.29-13.19c4.13-4.66 9.6-7.12 15.83-7.12 6.22 0 11.69 2.46 15.82 7.12 7.42 8.38 18.1 13.19 29.29 13.19s21.86-4.81 29.29-13.19c4.12-4.66 9.6-7.12 15.82-7.12 6.23 0 11.7 2.46 15.82 7.13 7.43 8.38 18.1 13.18 29.29 13.18s21.87-4.81 29.29-13.19c4.13-4.66 9.6-7.12 15.82-7.12 6.23 0 11.7 2.46 15.83 7.12 7.42 8.38 18.1 13.19 29.29 13.19s21.86-4.8 29.29-13.19zM261.75 32.11v64.51h91.46V32.11zM158.29 96.63h91.46V32.11h-91.46zm39.73 114.99v-26.48h-91.45v52.37zm103.46-3.39v-23.09h-91.46v23.09l44.1-12.48c1.07-.3 2.2-.3 3.26 0zm103.45-23.09h-91.45v26.48l91.45 25.89zm-91.45-76.51v64.51h91.45v-64.51zm-103.46 0v64.51h91.46v-64.51zm-12 64.51v-64.51h-91.45v64.51zm59.36 63.06c-1.06-.3-2.2-.3-3.26 0L70.67 288.13v-27.98l185.08-52.39 185.07 52.39v27.98zm4.37 13.71 177.35 50.2-48.79 142.15a39.147 39.147 0 0 1-28.51-13.17c-4.13-4.66-9.6-7.12-15.83-7.12-6.22 0-11.69 2.46-15.82 7.12-7.42 8.38-18.1 13.19-29.29 13.19s-21.86-4.81-29.29-13.19c-2.74-3.09-6.07-5.21-9.82-6.29zm-12 172.89c-3.75 1.08-7.08 3.2-9.82 6.29-7.43 8.38-18.1 13.19-29.29 13.19s-21.87-4.81-29.29-13.19c-4.13-4.66-9.6-7.12-15.82-7.12-6.23 0-11.7 2.46-15.83 7.12a39.147 39.147 0 0 1-28.51 13.17L72.4 300.11l177.35-50.2z\" clip-rule=\"evenodd\" fill=\"#c7a92a\" opacity=\"1\" data-original=\"#000000\"><\/path><\/g><\/svg>\t\t\t\t<\/a>\n\t\t\t<\/div>\n\t\t\t\n\t\t\t\t\t\t<div class=\"elementor-icon-box-content\">\n\n\t\t\t\t\t\t\t\t\t<div class=\"elementor-icon-box-title\">\n\t\t\t\t\t\t<a href=\"mailto:export@dnore.com\" >\n\t\t\t\t\t\t\tServices d\u2019exportation  \t\t\t\t\t\t<\/a>\n\t\t\t\t\t<\/div>\n\t\t\t\t\n\t\t\t\t\t\t\t\t\t<p class=\"elementor-icon-box-description\">\n\t\t\t\t\t\texport@dnore.com\t\t\t\t\t<\/p>\n\t\t\t\t\n\t\t\t<\/div>\n\t\t\t\n\t\t<\/div>\n\t\t\t\t\t\t<\/div>\n\t\t\t\t<\/div>\n\t\t\t\t<div class=\"elementor-element elementor-element-398c09a elementor-view-stacked elementor-position-inline-start elementor-mobile-position-inline-start elementor-shape-circle elementor-widget elementor-widget-icon-box\" data-id=\"398c09a\" data-element_type=\"widget\" data-e-type=\"widget\" data-widget_type=\"icon-box.default\">\n\t\t\t\t<div class=\"elementor-widget-container\">\n\t\t\t\t\t\t\t<div class=\"elementor-icon-box-wrapper\">\n\n\t\t\t\t\t\t<div class=\"elementor-icon-box-icon\">\n\t\t\t\t<a href=\"mailto:info@dnore.com\" class=\"elementor-icon\" tabindex=\"-1\" aria-label=\"Localisation\">\n\t\t\t\t<svg aria-hidden=\"true\" class=\"e-font-icon-svg e-fas-map-marker-alt\" viewbox=\"0 0 384 512\" xmlns=\"http:\/\/www.w3.org\/2000\/svg\"><path d=\"M172.268 501.67C26.97 291.031 0 269.413 0 192 0 85.961 85.961 0 192 0s192 85.961 192 192c0 77.413-26.97 99.031-172.268 309.67-9.535 13.774-29.93 13.773-39.464 0zM192 272c44.183 0 80-35.817 80-80s-35.817-80-80-80-80 35.817-80 80 35.817 80 80 80z\"><\/path><\/svg>\t\t\t\t<\/a>\n\t\t\t<\/div>\n\t\t\t\n\t\t\t\t\t\t<div class=\"elementor-icon-box-content\">\n\n\t\t\t\t\t\t\t\t\t<div class=\"elementor-icon-box-title\">\n\t\t\t\t\t\t<a href=\"mailto:info@dnore.com\" >\n\t\t\t\t\t\t\tLocalisation\t\t\t\t\t\t<\/a>\n\t\t\t\t\t<\/div>\n\t\t\t\t\n\t\t\t\t\t\t\t\t\t<p class=\"elementor-icon-box-description\">\n\t\t\t\t\t\tPerth, Australie-Occidentale, Australie\t\t\t\t\t<\/p>\n\t\t\t\t\n\t\t\t<\/div>\n\t\t\t\n\t\t<\/div>\n\t\t\t\t\t\t<\/div>\n\t\t\t\t<\/div>\n\t\t\t\t<div class=\"elementor-element elementor-element-e55d13e elementor-widget-divider--view-line elementor-widget elementor-widget-divider\" data-id=\"e55d13e\" data-element_type=\"widget\" data-e-type=\"widget\" data-widget_type=\"divider.default\">\n\t\t\t\t<div class=\"elementor-widget-container\">\n\t\t\t\t\t\t\t<div class=\"elementor-divider\">\n\t\t\t<span class=\"elementor-divider-separator\">\n\t\t\t\t\t\t<\/span>\n\t\t<\/div>\n\t\t\t\t\t\t<\/div>\n\t\t\t\t<\/div>\n\t\t\t\t<div class=\"elementor-element elementor-element-9a4979a elementor-widget elementor-widget-heading\" data-id=\"9a4979a\" data-element_type=\"widget\" data-e-type=\"widget\" data-widget_type=\"heading.default\">\n\t\t\t\t<div class=\"elementor-widget-container\">\n\t\t\t\t\t<h3 class=\"elementor-heading-title elementor-size-default\">Suivez-nous sur nos r\u00e9seaux sociaux<\/h3>\t\t\t\t<\/div>\n\t\t\t\t<\/div>\n\t\t\t\t<div class=\"elementor-element elementor-element-2e50818 elementor-shape-rounded elementor-grid-0 e-grid-align-center elementor-widget elementor-widget-social-icons\" data-id=\"2e50818\" data-element_type=\"widget\" data-e-type=\"widget\" data-widget_type=\"social-icons.default\">\n\t\t\t\t<div class=\"elementor-widget-container\">\n\t\t\t\t\t\t\t<div class=\"elementor-social-icons-wrapper elementor-grid\" role=\"list\">\n\t\t\t\t\t\t\t<span class=\"elementor-grid-item\" role=\"listitem\">\n\t\t\t\t\t<a class=\"elementor-icon elementor-social-icon elementor-social-icon-linkedin elementor-animation-pop elementor-repeater-item-8d8270d\" href=\"https:\/\/www.linkedin.com\/company\/dnore-pty-ltd\" target=\"_blank\">\n\t\t\t\t\t\t<span class=\"elementor-screen-only\">Linkedin<\/span>\n\t\t\t\t\t\t<svg aria-hidden=\"true\" class=\"e-font-icon-svg e-fab-linkedin\" viewbox=\"0 0 448 512\" xmlns=\"http:\/\/www.w3.org\/2000\/svg\"><path d=\"M416 32H31.9C14.3 32 0 46.5 0 64.3v383.4C0 465.5 14.3 480 31.9 480H416c17.6 0 32-14.5 32-32.3V64.3c0-17.8-14.4-32.3-32-32.3zM135.4 416H69V202.2h66.5V416zm-33.2-243c-21.3 0-38.5-17.3-38.5-38.5S80.9 96 102.2 96c21.2 0 38.5 17.3 38.5 38.5 0 21.3-17.2 38.5-38.5 38.5zm282.1 243h-66.4V312c0-24.8-.5-56.7-34.5-56.7-34.6 0-39.9 27-39.9 54.9V416h-66.4V202.2h63.7v29.2h.9c8.9-16.8 30.6-34.5 62.9-34.5 67.2 0 79.7 44.3 79.7 101.9V416z\"><\/path><\/svg>\t\t\t\t\t<\/a>\n\t\t\t\t<\/span>\n\t\t\t\t\t\t\t<span class=\"elementor-grid-item\" role=\"listitem\">\n\t\t\t\t\t<a class=\"elementor-icon elementor-social-icon elementor-social-icon-instagram elementor-animation-pop elementor-repeater-item-4016a69\" href=\"https:\/\/www.instagram.com\/dnore.grain?igsh=eDB4Z3dqem8xNzVh&#038;utm_source=qr\" target=\"_blank\">\n\t\t\t\t\t\t<span class=\"elementor-screen-only\">Instagram<\/span>\n\t\t\t\t\t\t<svg aria-hidden=\"true\" class=\"e-font-icon-svg e-fab-instagram\" viewbox=\"0 0 448 512\" xmlns=\"http:\/\/www.w3.org\/2000\/svg\"><path d=\"M224.1 141c-63.6 0-114.9 51.3-114.9 114.9s51.3 114.9 114.9 114.9S339 319.5 339 255.9 287.7 141 224.1 141zm0 189.6c-41.1 0-74.7-33.5-74.7-74.7s33.5-74.7 74.7-74.7 74.7 33.5 74.7 74.7-33.6 74.7-74.7 74.7zm146.4-194.3c0 14.9-12 26.8-26.8 26.8-14.9 0-26.8-12-26.8-26.8s12-26.8 26.8-26.8 26.8 12 26.8 26.8zm76.1 27.2c-1.7-35.9-9.9-67.7-36.2-93.9-26.2-26.2-58-34.4-93.9-36.2-37-2.1-147.9-2.1-184.9 0-35.8 1.7-67.6 9.9-93.9 36.1s-34.4 58-36.2 93.9c-2.1 37-2.1 147.9 0 184.9 1.7 35.9 9.9 67.7 36.2 93.9s58 34.4 93.9 36.2c37 2.1 147.9 2.1 184.9 0 35.9-1.7 67.7-9.9 93.9-36.2 26.2-26.2 34.4-58 36.2-93.9 2.1-37 2.1-147.8 0-184.8zM398.8 388c-7.8 19.6-22.9 34.7-42.6 42.6-29.5 11.7-99.5 9-132.1 9s-102.7 2.6-132.1-9c-19.6-7.8-34.7-22.9-42.6-42.6-11.7-29.5-9-99.5-9-132.1s-2.6-102.7 9-132.1c7.8-19.6 22.9-34.7 42.6-42.6 29.5-11.7 99.5-9 132.1-9s102.7-2.6 132.1 9c19.6 7.8 34.7 22.9 42.6 42.6 11.7 29.5 9 99.5 9 132.1s2.7 102.7-9 132.1z\"><\/path><\/svg>\t\t\t\t\t<\/a>\n\t\t\t\t<\/span>\n\t\t\t\t\t<\/div>\n\t\t\t\t\t\t<\/div>\n\t\t\t\t<\/div>\n\t\t\t\t<\/div>\n\t\t\t\t\t<\/div>\n\t\t\t\t<\/div>\n\t\t\t\t<\/div>","protected":false},"excerpt":{"rendered":"<p>Privacy Policy How we collect, use, and protect your personal information. Introduction DNORE PTY LTD (\u201cwe\u201d, \u201cour\u201d, \u201cus\u201d) is committed to protecting your privacy and ensuring that your personal information is handled in a safe and responsible manner. This Privacy Policy explains how we collect, use, disclose, and safeguard your information when you visit our [&hellip;]<\/p>\n","protected":false},"author":1,"featured_media":0,"parent":0,"menu_order":0,"comment_status":"closed","ping_status":"closed","template":"elementor_header_footer","meta":{"footnotes":""},"class_list":["post-2828","page","type-page","status-publish","hentry"],"_links":{"self":[{"href":"https:\/\/dnore.com\/fr\/wp-json\/wp\/v2\/pages\/2828","targetHints":{"allow":["GET"]}}],"collection":[{"href":"https:\/\/dnore.com\/fr\/wp-json\/wp\/v2\/pages"}],"about":[{"href":"https:\/\/dnore.com\/fr\/wp-json\/wp\/v2\/types\/page"}],"author":[{"embeddable":true,"href":"https:\/\/dnore.com\/fr\/wp-json\/wp\/v2\/users\/1"}],"replies":[{"embeddable":true,"href":"https:\/\/dnore.com\/fr\/wp-json\/wp\/v2\/comments?post=2828"}],"version-history":[{"count":19,"href":"https:\/\/dnore.com\/fr\/wp-json\/wp\/v2\/pages\/2828\/revisions"}],"predecessor-version":[{"id":2848,"href":"https:\/\/dnore.com\/fr\/wp-json\/wp\/v2\/pages\/2828\/revisions\/2848"}],"wp:attachment":[{"href":"https:\/\/dnore.com\/fr\/wp-json\/wp\/v2\/media?parent=2828"}],"curies":[{"name":"wp","href":"https:\/\/api.w.org\/{rel}","templated":true}]}}