{"id":2391,"date":"2026-04-10T11:55:44","date_gmt":"2026-04-10T11:55:44","guid":{"rendered":"https:\/\/dnore.com\/?page_id=2391"},"modified":"2026-05-02T18:02:46","modified_gmt":"2026-05-02T18:02:46","slug":"about-us","status":"publish","type":"page","link":"https:\/\/dnore.com\/fr\/about-us\/","title":{"rendered":"\u00c0 propos"},"content":{"rendered":"<div data-elementor-type=\"wp-page\" data-elementor-id=\"2391\" class=\"elementor elementor-2391\">\n\t\t\t\t<div class=\"elementor-element elementor-element-bba33fe e-flex e-con-boxed e-con e-parent\" data-id=\"bba33fe\" data-element_type=\"container\" data-e-type=\"container\" data-settings=\"{&quot;background_background&quot;:&quot;classic&quot;}\">\n\t\t\t\t\t<div class=\"e-con-inner\">\n\t\t<div class=\"elementor-element elementor-element-b4dddae e-con-full e-flex e-con e-child\" data-id=\"b4dddae\" data-element_type=\"container\" data-e-type=\"container\" data-settings=\"{&quot;background_background&quot;:&quot;classic&quot;}\">\n\t\t<div class=\"elementor-element elementor-element-f3567be e-con-full e-flex e-con e-child\" data-id=\"f3567be\" data-element_type=\"container\" data-e-type=\"container\" data-settings=\"{&quot;background_background&quot;:&quot;classic&quot;}\">\n\t\t<div class=\"elementor-element elementor-element-6b13ae6 e-con-full e-flex e-con e-child\" data-id=\"6b13ae6\" data-element_type=\"container\" data-e-type=\"container\" data-settings=\"{&quot;background_background&quot;:&quot;classic&quot;}\">\n\t\t\t\t<div class=\"elementor-element elementor-element-9dd9ea5 animated-fast elementor-invisible elementor-widget elementor-widget-heading\" data-id=\"9dd9ea5\" data-element_type=\"widget\" data-e-type=\"widget\" data-settings=\"{&quot;_animation&quot;:&quot;fadeInDown&quot;,&quot;_animation_delay&quot;:400}\" data-widget_type=\"heading.default\">\n\t\t\t\t<div class=\"elementor-widget-container\">\n\t\t\t\t\t<h1 class=\"elementor-heading-title elementor-size-default\">\u00c0 propos<\/h1>\t\t\t\t<\/div>\n\t\t\t\t<\/div>\n\t\t\t\t<div class=\"elementor-element elementor-element-d305bb3 animated-fast elementor-invisible elementor-widget elementor-widget-heading\" data-id=\"d305bb3\" data-element_type=\"widget\" data-e-type=\"widget\" data-settings=\"{&quot;_animation&quot;:&quot;fadeInUp&quot;,&quot;_animation_delay&quot;:400}\" data-widget_type=\"heading.default\">\n\t\t\t\t<div class=\"elementor-widget-container\">\n\t\t\t\t\t<h4 class=\"elementor-heading-title elementor-size-default\">Un exportateur australien de c\u00e9r\u00e9ales de confiance, fournissant des produits agricoles premium aux march\u00e9s internationaux.<\/h4>\t\t\t\t<\/div>\n\t\t\t\t<\/div>\n\t\t\t\t<\/div>\n\t\t\t\t<\/div>\n\t\t\t\t<\/div>\n\t\t\t\t\t<\/div>\n\t\t\t\t<\/div>\n\t\t<div class=\"elementor-element elementor-element-68b9bcb0 e-flex e-con-boxed e-con e-parent\" data-id=\"68b9bcb0\" data-element_type=\"container\" data-e-type=\"container\">\n\t\t\t\t\t<div class=\"e-con-inner\">\n\t\t<div class=\"elementor-element elementor-element-2a1030c6 e-con-full e-flex e-con e-child\" data-id=\"2a1030c6\" data-element_type=\"container\" data-e-type=\"container\">\n\t\t\t\t<div class=\"elementor-element elementor-element-ee2aa62 elementor-widget elementor-widget-heading\" data-id=\"ee2aa62\" data-element_type=\"widget\" data-e-type=\"widget\" data-widget_type=\"heading.default\">\n\t\t\t\t<div class=\"elementor-widget-container\">\n\t\t\t\t\t<h6 class=\"elementor-heading-title elementor-size-default\">Qui sommes-nous<\/h6>\t\t\t\t<\/div>\n\t\t\t\t<\/div>\n\t\t\t\t<div class=\"elementor-element elementor-element-50340b9c elementor-widget__width-inherit elementor-widget elementor-widget-elementskit-heading\" data-id=\"50340b9c\" data-element_type=\"widget\" data-e-type=\"widget\" data-widget_type=\"elementskit-heading.default\">\n\t\t\t\t<div class=\"elementor-widget-container\">\n\t\t\t\t\t<div class=\"ekit-wid-con\" ><div class=\"ekit-heading elementskit-section-title-wraper text_left   ekit_heading_tablet-   ekit_heading_mobile-text_center\"><h2 class=\"ekit-heading--title elementskit-section-title translation-block\">Votre <span><span>partenaire de confiance<\/span><\/span> en exportation de c\u00e9r\u00e9ales<\/h2><\/div><\/div>\t\t\t\t<\/div>\n\t\t\t\t<\/div>\n\t\t\t\t<div class=\"elementor-element elementor-element-58b88da1 elementor-widget__width-initial elementor-widget elementor-widget-text-editor\" data-id=\"58b88da1\" data-element_type=\"widget\" data-e-type=\"widget\" data-widget_type=\"text-editor.default\">\n\t\t\t\t<div class=\"elementor-widget-container\">\n\t\t\t\t\t\t\t\t\t<p data-start=\"216\" data-end=\"546\">DNORE PTY LTD est un exportateur australien de c\u00e9r\u00e9ales sp\u00e9cialis\u00e9 dans l\u2019approvisionnement et l\u2019exportation de c\u00e9r\u00e9ales et de l\u00e9gumineuses premium provenant d\u2019Australie-Occidentale vers les march\u00e9s internationaux. En travaillant directement avec des producteurs soigneusement s\u00e9lectionn\u00e9s, nous garantissons une qualit\u00e9 constante, des volumes fiables et une tra\u00e7abilit\u00e9 compl\u00e8te \u00e0 chaque \u00e9tape de la cha\u00eene d\u2019approvisionnement.<\/p><p data-start=\"548\" data-end=\"832\">Notre force r\u00e9side dans notre connaissance approfondie des r\u00e9gions agricoles d\u2019Australie-Occidentale, des cycles saisonniers et des normes de classification. Cette expertise nous permet de proposer des solutions d\u2019approvisionnement efficaces et de haute qualit\u00e9, adapt\u00e9es aux besoins des importateurs, distributeurs et acheteurs en vrac \u00e0 travers le monde.<\/p><p data-start=\"834\" data-end=\"1070\">Gr\u00e2ce \u00e0 un engagement fort en mati\u00e8re de conformit\u00e9 \u00e0 l\u2019exportation et d\u2019excellence op\u00e9rationnelle, nous g\u00e9rons chaque exp\u00e9dition avec pr\u00e9cision \u2014 de la documentation \u00e0 la logistique \u2014 afin de garantir une exp\u00e9rience fluide, s\u00e9curis\u00e9e et fiable \u00e0 nos partenaires, saison apr\u00e8s saison.<\/p>\t\t\t\t\t\t\t\t<\/div>\n\t\t\t\t<\/div>\n\t\t\t\t<\/div>\n\t\t<div class=\"elementor-element elementor-element-67774042 e-con-full e-flex e-con e-child\" data-id=\"67774042\" data-element_type=\"container\" data-e-type=\"container\" data-settings=\"{&quot;background_background&quot;:&quot;classic&quot;}\">\n\t\t\t\t<\/div>\n\t\t\t\t\t<\/div>\n\t\t\t\t<\/div>\n\t\t<div class=\"elementor-element elementor-element-497cbe5b e-flex e-con-boxed e-con e-parent\" data-id=\"497cbe5b\" data-element_type=\"container\" data-e-type=\"container\" data-settings=\"{&quot;background_background&quot;:&quot;classic&quot;}\">\n\t\t\t\t\t<div class=\"e-con-inner\">\n\t\t<div class=\"elementor-element elementor-element-1b6180e1 e-con-full e-flex e-con e-child\" data-id=\"1b6180e1\" data-element_type=\"container\" data-e-type=\"container\">\n\t\t<div class=\"elementor-element elementor-element-5f72ac15 e-con-full e-flex e-con e-child\" data-id=\"5f72ac15\" data-element_type=\"container\" data-e-type=\"container\">\n\t\t<div class=\"elementor-element elementor-element-6ec16a48 e-con-full e-flex e-con e-child\" data-id=\"6ec16a48\" data-element_type=\"container\" data-e-type=\"container\">\n\t\t\t\t<div class=\"elementor-element elementor-element-3982f98 elementor-widget elementor-widget-heading\" data-id=\"3982f98\" data-element_type=\"widget\" data-e-type=\"widget\" data-widget_type=\"heading.default\">\n\t\t\t\t<div class=\"elementor-widget-container\">\n\t\t\t\t\t<h6 class=\"elementor-heading-title elementor-size-default\">Notre parcours\n<\/h6>\t\t\t\t<\/div>\n\t\t\t\t<\/div>\n\t\t\t\t<div class=\"elementor-element elementor-element-14472384 elementor-widget elementor-widget-elementskit-heading\" data-id=\"14472384\" data-element_type=\"widget\" data-e-type=\"widget\" data-widget_type=\"elementskit-heading.default\">\n\t\t\t\t<div class=\"elementor-widget-container\">\n\t\t\t\t\t<div class=\"ekit-wid-con\" ><div class=\"ekit-heading elementskit-section-title-wraper text_left   ekit_heading_tablet-text_center   ekit_heading_mobile-text_center\"><h2 class=\"ekit-heading--title elementskit-section-title\">Implant\u00e9s en  <span><span>Australie-Occidentale<\/span><\/span><\/h2><\/div><\/div>\t\t\t\t<\/div>\n\t\t\t\t<\/div>\n\t\t\t\t<div class=\"elementor-element elementor-element-1692492b elementor-widget-tablet__width-initial elementor-widget elementor-widget-text-editor\" data-id=\"1692492b\" data-element_type=\"widget\" data-e-type=\"widget\" data-widget_type=\"text-editor.default\">\n\t\t\t\t<div class=\"elementor-widget-container\">\n\t\t\t\t\t\t\t\t\t<p class=\"who-text\">En tant que\u00a0<strong>fournisseur de c\u00e9r\u00e9ales en Australie-Occidentale,<\/strong>DNORE est id\u00e9alement situ\u00e9 au c\u0153ur de l\u2019une des r\u00e9gions agricoles les plus productives d\u2019Australie. Nous entretenons des relations directes avec des producteurs locaux, ce qui nous permet de b\u00e9n\u00e9ficier d\u2019un acc\u00e8s prioritaire \u00e0 des approvisionnements de qualit\u00e9 tout au long des saisons.<\/p><p class=\"who-text\">Nos op\u00e9rations reposent sur des partenariats durables avec les producteurs \u2014 et non sur des opportunit\u00e9s ponctuelles du march\u00e9. Ainsi, nos clients b\u00e9n\u00e9ficient d\u2019un approvisionnement pr\u00e9visible, de produits class\u00e9s selon des normes strictes et d\u2019une \u00e9quipe fiable sur laquelle ils peuvent compter.<\/p>\t\t\t\t\t\t\t\t<\/div>\n\t\t\t\t<\/div>\n\t\t\t\t<\/div>\n\t\t\t\t<\/div>\n\t\t<div class=\"elementor-element elementor-element-3c27bf0f e-con-full e-flex e-con e-child\" data-id=\"3c27bf0f\" data-element_type=\"container\" data-e-type=\"container\">\n\t\t<div class=\"elementor-element elementor-element-34c316c e-con-full e-flex elementor-invisible e-con e-child\" data-id=\"34c316c\" data-element_type=\"container\" data-e-type=\"container\" data-settings=\"{&quot;background_background&quot;:&quot;classic&quot;,&quot;animation&quot;:&quot;fadeInRight&quot;}\">\n\t\t\t\t<div class=\"elementor-element elementor-element-68a1c18f elementor-widget elementor-widget-image\" data-id=\"68a1c18f\" data-element_type=\"widget\" data-e-type=\"widget\" data-widget_type=\"image.default\">\n\t\t\t\t<div class=\"elementor-widget-container\">\n\t\t\t\t\t\t\t\t\t\t\t\t\t\t\t<img fetchpriority=\"high\" decoding=\"async\" width=\"512\" height=\"512\" src=\"https:\/\/dnore.com\/wp-content\/uploads\/2026\/04\/icon.svg-2026-04-14T234440.331.svg\" class=\"attachment-full size-full wp-image-2666\" alt=\"\" \/>\t\t\t\t\t\t\t\t\t\t\t\t\t\t\t<\/div>\n\t\t\t\t<\/div>\n\t\t<div class=\"elementor-element elementor-element-409fd57a e-con-full e-flex e-con e-child\" data-id=\"409fd57a\" data-element_type=\"container\" data-e-type=\"container\">\n\t\t\t\t<div class=\"elementor-element elementor-element-6ac6d0f5 elementor-widget elementor-widget-elementskit-heading\" data-id=\"6ac6d0f5\" data-element_type=\"widget\" data-e-type=\"widget\" data-widget_type=\"elementskit-heading.default\">\n\t\t\t\t<div class=\"elementor-widget-container\">\n\t\t\t\t\t<div class=\"ekit-wid-con\" ><div class=\"ekit-heading elementskit-section-title-wraper text_left   ekit_heading_tablet-   ekit_heading_mobile-text_center\"><h6 class=\"ekit-heading--title elementskit-section-title\">Relations directes avec les producteurs<\/h6><\/div><\/div>\t\t\t\t<\/div>\n\t\t\t\t<\/div>\n\t\t\t\t<div class=\"elementor-element elementor-element-6469944c elementor-widget elementor-widget-text-editor\" data-id=\"6469944c\" data-element_type=\"widget\" data-e-type=\"widget\" data-widget_type=\"text-editor.default\">\n\t\t\t\t<div class=\"elementor-widget-container\">\n\t\t\t\t\t\t\t\t\t<div class=\"who-item reveal visible\"><div class=\"who-item-text\"><p data-start=\"113\" data-end=\"214\">Nous nous approvisionnons directement aupr\u00e8s de producteurs d\u2019Australie-Occidentale, garantissant une efficacit\u00e9 des co\u00fbts, un acc\u00e8s prioritaire aux volumes et une tra\u00e7abilit\u00e9 compl\u00e8te.<\/p><\/div><\/div>\t\t\t\t\t\t\t\t<\/div>\n\t\t\t\t<\/div>\n\t\t\t\t<\/div>\n\t\t\t\t<\/div>\n\t\t<div class=\"elementor-element elementor-element-3664c5e1 e-con-full e-flex elementor-invisible e-con e-child\" data-id=\"3664c5e1\" data-element_type=\"container\" data-e-type=\"container\" data-settings=\"{&quot;background_background&quot;:&quot;classic&quot;,&quot;animation&quot;:&quot;fadeInRight&quot;,&quot;animation_delay&quot;:250}\">\n\t\t\t\t<div class=\"elementor-element elementor-element-487fd769 elementor-widget elementor-widget-image\" data-id=\"487fd769\" data-element_type=\"widget\" data-e-type=\"widget\" data-widget_type=\"image.default\">\n\t\t\t\t<div class=\"elementor-widget-container\">\n\t\t\t\t\t\t\t\t\t\t\t\t\t\t\t<img decoding=\"async\" width=\"512\" height=\"512\" src=\"https:\/\/dnore.com\/wp-content\/uploads\/2026\/04\/icon.svg-2026-04-14T234648.744.svg\" class=\"attachment-full size-full wp-image-2668\" alt=\"\" \/>\t\t\t\t\t\t\t\t\t\t\t\t\t\t\t<\/div>\n\t\t\t\t<\/div>\n\t\t<div class=\"elementor-element elementor-element-1fefe5d4 e-con-full e-flex e-con e-child\" data-id=\"1fefe5d4\" data-element_type=\"container\" data-e-type=\"container\">\n\t\t\t\t<div class=\"elementor-element elementor-element-734e577a elementor-widget elementor-widget-elementskit-heading\" data-id=\"734e577a\" data-element_type=\"widget\" data-e-type=\"widget\" data-widget_type=\"elementskit-heading.default\">\n\t\t\t\t<div class=\"elementor-widget-container\">\n\t\t\t\t\t<div class=\"ekit-wid-con\" ><div class=\"ekit-heading elementskit-section-title-wraper text_left   ekit_heading_tablet-   ekit_heading_mobile-text_center\"><h5 class=\"ekit-heading--title elementskit-section-title\">Expertise agricole en Australie-Occidentale<\/h5><\/div><\/div>\t\t\t\t<\/div>\n\t\t\t\t<\/div>\n\t\t\t\t<div class=\"elementor-element elementor-element-574f7adc elementor-widget elementor-widget-text-editor\" data-id=\"574f7adc\" data-element_type=\"widget\" data-e-type=\"widget\" data-widget_type=\"text-editor.default\">\n\t\t\t\t<div class=\"elementor-widget-container\">\n\t\t\t\t\t\t\t\t\t<div class=\"who-item reveal visible\"><div class=\"who-item-text\"><p data-start=\"257\" data-end=\"355\">Une connaissance approfondie des cultures, des cycles saisonniers et des normes de classification en Australie-Occidentale pour un approvisionnement fiable.<\/p><\/div><\/div>\t\t\t\t\t\t\t\t<\/div>\n\t\t\t\t<\/div>\n\t\t\t\t<\/div>\n\t\t\t\t<\/div>\n\t\t<div class=\"elementor-element elementor-element-737c7fa0 e-con-full e-flex elementor-invisible e-con e-child\" data-id=\"737c7fa0\" data-element_type=\"container\" data-e-type=\"container\" data-settings=\"{&quot;background_background&quot;:&quot;classic&quot;,&quot;animation&quot;:&quot;fadeInRight&quot;,&quot;animation_delay&quot;:500}\">\n\t\t\t\t<div class=\"elementor-element elementor-element-1a4d2feb elementor-widget elementor-widget-image\" data-id=\"1a4d2feb\" data-element_type=\"widget\" data-e-type=\"widget\" data-widget_type=\"image.default\">\n\t\t\t\t<div class=\"elementor-widget-container\">\n\t\t\t\t\t\t\t\t\t\t\t\t\t\t\t<img decoding=\"async\" width=\"512\" height=\"512\" src=\"https:\/\/dnore.com\/wp-content\/uploads\/2026\/04\/icon.svg-2026-04-14T222240.626.svg\" class=\"attachment-full size-full wp-image-2585\" alt=\"\" \/>\t\t\t\t\t\t\t\t\t\t\t\t\t\t\t<\/div>\n\t\t\t\t<\/div>\n\t\t<div class=\"elementor-element elementor-element-719d8444 e-con-full e-flex e-con e-child\" data-id=\"719d8444\" data-element_type=\"container\" data-e-type=\"container\">\n\t\t\t\t<div class=\"elementor-element elementor-element-177f7828 elementor-widget elementor-widget-elementskit-heading\" data-id=\"177f7828\" data-element_type=\"widget\" data-e-type=\"widget\" data-widget_type=\"elementskit-heading.default\">\n\t\t\t\t<div class=\"elementor-widget-container\">\n\t\t\t\t\t<div class=\"ekit-wid-con\" ><div class=\"ekit-heading elementskit-section-title-wraper text_left   ekit_heading_tablet-   ekit_heading_mobile-text_center\"><h5 class=\"ekit-heading--title elementskit-section-title\">Orientation B2B export<\/h5><\/div><\/div>\t\t\t\t<\/div>\n\t\t\t\t<\/div>\n\t\t\t\t<div class=\"elementor-element elementor-element-ae7693b elementor-widget elementor-widget-text-editor\" data-id=\"ae7693b\" data-element_type=\"widget\" data-e-type=\"widget\" data-widget_type=\"text-editor.default\">\n\t\t\t\t<div class=\"elementor-widget-container\">\n\t\t\t\t\t\t\t\t\t<section id=\"who\"><div class=\"container\"><div class=\"who-grid\"><div class=\"who-right\"><div class=\"who-item reveal visible\"><div class=\"who-item-text\"><p data-start=\"389\" data-end=\"481\">D\u00e9di\u00e9 aux acheteurs internationaux, avec des volumes fiables, une gestion documentaire rigoureuse et des livraisons dans les d\u00e9lais.<\/p><\/div><\/div><\/div><\/div><\/div><\/section>\t\t\t\t\t\t\t\t<\/div>\n\t\t\t\t<\/div>\n\t\t\t\t<\/div>\n\t\t\t\t<\/div>\n\t\t\t\t<\/div>\n\t\t\t\t<\/div>\n\t\t\t\t\t<\/div>\n\t\t\t\t<\/div>\n\t\t<div class=\"elementor-element elementor-element-5ebe726e e-flex e-con-boxed e-con e-parent\" data-id=\"5ebe726e\" data-element_type=\"container\" data-e-type=\"container\">\n\t\t\t\t\t<div class=\"e-con-inner\">\n\t\t<div class=\"elementor-element elementor-element-17505b0c e-con-full e-flex e-con e-child\" data-id=\"17505b0c\" data-element_type=\"container\" data-e-type=\"container\">\n\t\t<div class=\"elementor-element elementor-element-31d06dd7 e-con-full e-flex e-con e-child\" data-id=\"31d06dd7\" data-element_type=\"container\" data-e-type=\"container\">\n\t\t\t\t<div class=\"elementor-element elementor-element-f609e48 elementor-widget elementor-widget-heading\" data-id=\"f609e48\" data-element_type=\"widget\" data-e-type=\"widget\" data-widget_type=\"heading.default\">\n\t\t\t\t<div class=\"elementor-widget-container\">\n\t\t\t\t\t<h6 class=\"elementor-heading-title elementor-size-default\">NOTRE APPROCHE<\/h6>\t\t\t\t<\/div>\n\t\t\t\t<\/div>\n\t\t\t\t<div class=\"elementor-element elementor-element-7e0accaa elementor-widget__width-inherit elementor-widget elementor-widget-elementskit-heading\" data-id=\"7e0accaa\" data-element_type=\"widget\" data-e-type=\"widget\" data-widget_type=\"elementskit-heading.default\">\n\t\t\t\t<div class=\"elementor-widget-container\">\n\t\t\t\t\t<div class=\"ekit-wid-con\" ><div class=\"ekit-heading elementskit-section-title-wraper text_left   ekit_heading_tablet-text_center   ekit_heading_mobile-text_center\"><h2 class=\"ekit-heading--title elementskit-section-title translation-block\">Guid\u00e9s par la <span><span>qualit\u00e9<\/span><\/span>, port\u00e9s par une <span><span>vision<\/span><\/span><\/h2><\/div><\/div>\t\t\t\t<\/div>\n\t\t\t\t<\/div>\n\t\t\t\t<div class=\"elementor-element elementor-element-6068f016 elementor-widget elementor-widget-text-editor\" data-id=\"6068f016\" data-element_type=\"widget\" data-e-type=\"widget\" data-widget_type=\"text-editor.default\">\n\t\t\t\t<div class=\"elementor-widget-container\">\n\t\t\t\t\t\t\t\t\t<p data-start=\"355\" data-end=\"612\">Chez DNORE PTY LTD, notre approche repose sur la pr\u00e9cision, la fiabilit\u00e9 et des partenariats solides \u00e0 travers l\u2019Australie-Occidentale.<br data-start=\"471\" data-end=\"474\" \/>Nous nous attachons \u00e0 fournir des c\u00e9r\u00e9ales et l\u00e9gumineuses premium gr\u00e2ce \u00e0 un processus structur\u00e9 garantissant une qualit\u00e9 constante et un approvisionnement international efficace.<\/p><p data-start=\"614\" data-end=\"735\">De l\u2019approvisionnement \u00e0 l\u2019exportation, chaque \u00e9tape est g\u00e9r\u00e9e avec une grande attention aux d\u00e9tails afin de r\u00e9pondre aux exigences des acheteurs internationaux.<\/p>\t\t\t\t\t\t\t\t<\/div>\n\t\t\t\t<\/div>\n\t\t\t\t<div class=\"elementor-element elementor-element-0d5ee89 elementor-align-left elementor-widget elementor-widget-button\" data-id=\"0d5ee89\" data-element_type=\"widget\" data-e-type=\"widget\" data-widget_type=\"button.default\">\n\t\t\t\t<div class=\"elementor-widget-container\">\n\t\t\t\t\t\t\t\t\t<div class=\"elementor-button-wrapper\">\n\t\t\t\t\t<a class=\"elementor-button elementor-button-link elementor-size-md\" href=\"\/fr\/contact\/\">\n\t\t\t\t\t\t<span class=\"elementor-button-content-wrapper\">\n\t\t\t\t\t\t\t\t\t<span class=\"elementor-button-text\">Commencez d\u00e8s maintenant<\/span>\n\t\t\t\t\t<\/span>\n\t\t\t\t\t<\/a>\n\t\t\t\t<\/div>\n\t\t\t\t\t\t\t\t<\/div>\n\t\t\t\t<\/div>\n\t\t\t\t<\/div>\n\t\t\t\t<\/div>\n\t\t<div class=\"elementor-element elementor-element-7a6cae86 e-con-full e-flex e-con e-child\" data-id=\"7a6cae86\" data-element_type=\"container\" data-e-type=\"container\" data-settings=\"{&quot;background_background&quot;:&quot;classic&quot;}\">\n\t\t\t\t<\/div>\n\t\t<div class=\"elementor-element elementor-element-44dd9091 e-con-full e-flex e-con e-child\" data-id=\"44dd9091\" data-element_type=\"container\" data-e-type=\"container\">\n\t\t<div class=\"elementor-element elementor-element-5cff030f e-con-full e-flex elementor-invisible e-con e-child\" data-id=\"5cff030f\" data-element_type=\"container\" data-e-type=\"container\" data-settings=\"{&quot;background_background&quot;:&quot;classic&quot;,&quot;animation&quot;:&quot;fadeInRight&quot;,&quot;animation_delay&quot;:100}\">\n\t\t\t\t<div class=\"elementor-element elementor-element-294907c5 elementor-widget elementor-widget-image\" data-id=\"294907c5\" data-element_type=\"widget\" data-e-type=\"widget\" data-widget_type=\"image.default\">\n\t\t\t\t<div class=\"elementor-widget-container\">\n\t\t\t\t\t\t\t\t\t\t\t\t\t\t\t<img loading=\"lazy\" decoding=\"async\" width=\"512\" height=\"512\" src=\"https:\/\/dnore.com\/wp-content\/uploads\/2026\/04\/icon.svg-2026-04-08T195448.382.svg\" class=\"attachment-full size-full wp-image-2496\" alt=\"\" \/>\t\t\t\t\t\t\t\t\t\t\t\t\t\t\t<\/div>\n\t\t\t\t<\/div>\n\t\t<div class=\"elementor-element elementor-element-7774a15a e-con-full e-flex e-con e-child\" data-id=\"7774a15a\" data-element_type=\"container\" data-e-type=\"container\">\n\t\t\t\t<div class=\"elementor-element elementor-element-694a6be0 elementor-widget elementor-widget-elementskit-heading\" data-id=\"694a6be0\" data-element_type=\"widget\" data-e-type=\"widget\" data-widget_type=\"elementskit-heading.default\">\n\t\t\t\t<div class=\"elementor-widget-container\">\n\t\t\t\t\t<div class=\"ekit-wid-con\" ><div class=\"ekit-heading elementskit-section-title-wraper text_left   ekit_heading_tablet-   ekit_heading_mobile-text_center\"><h5 class=\"ekit-heading--title elementskit-section-title\">Notre vision<\/h5><\/div><\/div>\t\t\t\t<\/div>\n\t\t\t\t<\/div>\n\t\t\t\t<div class=\"elementor-element elementor-element-5af18816 elementor-widget elementor-widget-text-editor\" data-id=\"5af18816\" data-element_type=\"widget\" data-e-type=\"widget\" data-widget_type=\"text-editor.default\">\n\t\t\t\t<div class=\"elementor-widget-container\">\n\t\t\t\t\t\t\t\t\t<p data-start=\"167\" data-end=\"293\">Devenir un exportateur australien de c\u00e9r\u00e9ales de confiance, reconnu pour la qualit\u00e9 constante de ses produits et la construction de partenariats durables sur les march\u00e9s internationaux.<\/p>\t\t\t\t\t\t\t\t<\/div>\n\t\t\t\t<\/div>\n\t\t\t\t<\/div>\n\t\t\t\t<\/div>\n\t\t<div class=\"elementor-element elementor-element-69a2b3df e-con-full e-flex elementor-invisible e-con e-child\" data-id=\"69a2b3df\" data-element_type=\"container\" data-e-type=\"container\" data-settings=\"{&quot;background_background&quot;:&quot;classic&quot;,&quot;animation&quot;:&quot;fadeInRight&quot;,&quot;animation_delay&quot;:400}\">\n\t\t\t\t<div class=\"elementor-element elementor-element-37696faf elementor-widget elementor-widget-image\" data-id=\"37696faf\" data-element_type=\"widget\" data-e-type=\"widget\" data-widget_type=\"image.default\">\n\t\t\t\t<div class=\"elementor-widget-container\">\n\t\t\t\t\t\t\t\t\t\t\t\t\t\t\t<img loading=\"lazy\" decoding=\"async\" width=\"512\" height=\"512\" src=\"https:\/\/dnore.com\/wp-content\/uploads\/2026\/04\/icon.svg-2026-04-08T195508.157.svg\" class=\"attachment-full size-full wp-image-2497\" alt=\"\" \/>\t\t\t\t\t\t\t\t\t\t\t\t\t\t\t<\/div>\n\t\t\t\t<\/div>\n\t\t<div class=\"elementor-element elementor-element-1de9b7ac e-con-full e-flex e-con e-child\" data-id=\"1de9b7ac\" data-element_type=\"container\" data-e-type=\"container\">\n\t\t\t\t<div class=\"elementor-element elementor-element-4d92abc0 elementor-widget elementor-widget-elementskit-heading\" data-id=\"4d92abc0\" data-element_type=\"widget\" data-e-type=\"widget\" data-widget_type=\"elementskit-heading.default\">\n\t\t\t\t<div class=\"elementor-widget-container\">\n\t\t\t\t\t<div class=\"ekit-wid-con\" ><div class=\"ekit-heading elementskit-section-title-wraper text_left   ekit_heading_tablet-   ekit_heading_mobile-text_center\"><h5 class=\"ekit-heading--title elementskit-section-title\">Notre mission<\/h5><\/div><\/div>\t\t\t\t<\/div>\n\t\t\t\t<\/div>\n\t\t\t\t<div class=\"elementor-element elementor-element-3dfd5aee elementor-widget elementor-widget-text-editor\" data-id=\"3dfd5aee\" data-element_type=\"widget\" data-e-type=\"widget\" data-widget_type=\"text-editor.default\">\n\t\t\t\t<div class=\"elementor-widget-container\">\n\t\t\t\t\t\t\t\t\t<p data-start=\"996\" data-end=\"1134\">Fournir un approvisionnement fiable, un contr\u00f4le qualit\u00e9 rigoureux et des solutions d\u2019exportation efficaces r\u00e9pondant aux besoins \u00e9volutifs des acheteurs internationaux.<\/p>\t\t\t\t\t\t\t\t<\/div>\n\t\t\t\t<\/div>\n\t\t\t\t<\/div>\n\t\t\t\t<\/div>\n\t\t\t\t<\/div>\n\t\t\t\t\t<\/div>\n\t\t\t\t<\/div>\n\t\t\t\t<\/div>","protected":false},"excerpt":{"rendered":"<p>About Us A trusted Australian grain exporter delivering premium agricultural products to global markets. Who We Are Your trusted grain export partner DNORE PTY LTD is an Australian grain exporter specialising in the supply and export of premium cereals and pulse crops from Western Australia to international markets. By working directly with carefully selected growers, [&hellip;]<\/p>\n","protected":false},"author":1,"featured_media":0,"parent":0,"menu_order":0,"comment_status":"closed","ping_status":"closed","template":"elementor_header_footer","meta":{"footnotes":""},"class_list":["post-2391","page","type-page","status-publish","hentry"],"_links":{"self":[{"href":"https:\/\/dnore.com\/fr\/wp-json\/wp\/v2\/pages\/2391","targetHints":{"allow":["GET"]}}],"collection":[{"href":"https:\/\/dnore.com\/fr\/wp-json\/wp\/v2\/pages"}],"about":[{"href":"https:\/\/dnore.com\/fr\/wp-json\/wp\/v2\/types\/page"}],"author":[{"embeddable":true,"href":"https:\/\/dnore.com\/fr\/wp-json\/wp\/v2\/users\/1"}],"replies":[{"embeddable":true,"href":"https:\/\/dnore.com\/fr\/wp-json\/wp\/v2\/comments?post=2391"}],"version-history":[{"count":139,"href":"https:\/\/dnore.com\/fr\/wp-json\/wp\/v2\/pages\/2391\/revisions"}],"predecessor-version":[{"id":2954,"href":"https:\/\/dnore.com\/fr\/wp-json\/wp\/v2\/pages\/2391\/revisions\/2954"}],"wp:attachment":[{"href":"https:\/\/dnore.com\/fr\/wp-json\/wp\/v2\/media?parent=2391"}],"curies":[{"name":"wp","href":"https:\/\/api.w.org\/{rel}","templated":true}]}}